{"id":17,"date":"2025-07-23T16:04:36","date_gmt":"2025-07-23T14:04:36","guid":{"rendered":"https:\/\/fea.apparat.wien\/?page_id=17"},"modified":"2025-07-29T11:42:55","modified_gmt":"2025-07-29T09:42:55","slug":"home","status":"publish","type":"page","link":"https:\/\/fea.apparat.wien\/","title":{"rendered":"Home"},"content":{"rendered":"<p>[et_pb_section fb_built=&#8220;1&#8243; admin_label=&#8220;Header&#8220; _builder_version=&#8220;4.27.4&#8243; _module_preset=&#8220;default&#8220; use_background_color_gradient=&#8220;on&#8220; background_color_gradient_stops=&#8220;rgba(0,0,0,0.5) 0%|rgba(0,0,0,0.5) 100%&#8220; background_color_gradient_overlays_image=&#8220;on&#8220; background_image=&#8220;https:\/\/fea.apparat.wien\/wp-content\/uploads\/2025\/07\/fine-dining-01.jpg&#8220; parallax=&#8220;on&#8220; background_video_mp4=&#8220;https:\/\/fea.apparat.wien\/wp-content\/uploads\/2025\/07\/AdobeStock_1344536815_Video_HD_Preview.mp4&#8243; min_height=&#8220;601.3px&#8220; custom_padding=&#8220;6vw||348px||false|false&#8220; collapsed=&#8220;on&#8220; global_colors_info=&#8220;{}&#8220;][et_pb_row _builder_version=&#8220;4.27.4&#8243; _module_preset=&#8220;default&#8220; custom_margin=&#8220;74px||-193px||false|false&#8220; global_colors_info=&#8220;{}&#8220;][et_pb_column type=&#8220;4_4&#8243; _builder_version=&#8220;4.27.4&#8243; _module_preset=&#8220;default&#8220; global_colors_info=&#8220;{}&#8220;][et_pb_image src=&#8220;https:\/\/fea.apparat.wien\/wp-content\/uploads\/2025\/07\/logo_white.png&#8220; alt=&#8220;fea Logo&#8220; title_text=&#8220;logo_white&#8220; align=&#8220;center&#8220; _builder_version=&#8220;4.27.4&#8243; _module_preset=&#8220;default&#8220; width=&#8220;23%&#8220; max_width=&#8220;46%&#8220; module_alignment=&#8220;center&#8220; custom_margin=&#8220;0px||||false|false&#8220; custom_padding=&#8220;0px||0px||false|false&#8220; global_colors_info=&#8220;{}&#8220;][\/et_pb_image][\/et_pb_column][\/et_pb_row][\/et_pb_section][et_pb_section fb_built=&#8220;1&#8243; admin_label=&#8220;About&#8220; _builder_version=&#8220;4.27.4&#8243; _module_preset=&#8220;default&#8220; background_color=&#8220;#eaeaea&#8220; custom_padding=&#8220;8vw||8vw||true|false&#8220; collapsed=&#8220;on&#8220; global_colors_info=&#8220;{}&#8220;][et_pb_row column_structure=&#8220;1_3,2_3&#8243; _builder_version=&#8220;4.27.4&#8243; _module_preset=&#8220;default&#8220; width=&#8220;70%&#8220; global_colors_info=&#8220;{}&#8220;][et_pb_column type=&#8220;1_3&#8243; admin_label=&#8220;Column&#8220; _builder_version=&#8220;4.27.4&#8243; _module_preset=&#8220;default&#8220; global_colors_info=&#8220;{}&#8220;][et_pb_heading title=&#8220;fea \u2013 Financial Experts Association e.V.&#8220; _builder_version=&#8220;4.27.4&#8243; _module_preset=&#8220;b6aca8e3-d3ec-4328-a6be-7056094e824e&#8220; title_level=&#8220;h2&#8243; title_font=&#8220;&#8211;et_global_body_font||||||||&#8220; title_text_color=&#8220;#364B9B&#8220; global_colors_info=&#8220;{}&#8220;][\/et_pb_heading][et_pb_text _builder_version=&#8220;4.27.4&#8243; _module_preset=&#8220;e406d5d1-0910-4c18-975b-eb8b4e726e11&#8243; global_colors_info=&#8220;{}&#8220;]<\/p>\n<h2>Die unabh\u00e4ngige Interessenvertretung f\u00fcr <strong>Financial Experts<\/strong> in Aufsichtsgremien.<\/h2>\n<p>[\/et_pb_text][\/et_pb_column][et_pb_column type=&#8220;2_3&#8243; _builder_version=&#8220;4.24.1&#8243; _module_preset=&#8220;default&#8220; global_colors_info=&#8220;{}&#8220;][et_pb_text _builder_version=&#8220;4.27.4&#8243; _module_preset=&#8220;default&#8220; text_font=&#8220;&#8211;et_global_body_font||||||||&#8220; text_text_color=&#8220;#364B9B&#8220; custom_margin=&#8220;-10px||||false|false&#8220; global_colors_info=&#8220;{}&#8220;]<\/p>\n<div class=\"elementor-element elementor-element-1b5c7bae elementor-widget elementor-widget-text-editor animated fadeInUp\" data-id=\"1b5c7bae\" data-element_type=\"widget\" data-settings=\"{&quot;_animation&quot;:&quot;fadeInUp&quot;,&quot;_animation_delay&quot;:300}\" data-widget_type=\"text-editor.default\">\n<p>Seit 2008 ist FEA die unabh\u00e4ngige Interessenvertretung f\u00fcr Financial Experts in Aufsichtsgremien. Wir unterst\u00fctzen unsere Mitglieder bei der fachlichen Wahrnehmung ihrer Aufgaben durch qualitativ hochwertige Fortbildungen und die individuelle F\u00f6rderung von Wissen durch Vernetzung und auch Mitarbeit in Arbeitsgruppen. \u00dcber die Arbeitsgruppen fungiert FEA als Impulsgeber f\u00fcr die nationale Politik und durch die Vernetzung im europ\u00e4ischen Dachverband der Aufsichtsratsorganisationen (ecoDa) auch auf EU-Ebene. So k\u00f6nnen wir einerseits unsere Mitglieder st\u00e4rken und andererseits auch deren Interessen gestaltend einbringen.<\/p>\n<\/div>\n<p>[\/et_pb_text][et_pb_button button_text=&#8220;Mehr erfahren&#8220; button_text_tablet=&#8220;Mehr erfahren&#8220; button_text_phone=&#8220;Mehr erfahren&#8220; button_text_last_edited=&#8220;on|desktop&#8220; _builder_version=&#8220;4.27.4&#8243; _module_preset=&#8220;default&#8220; button_text_size=&#8220;1.2em&#8220; button_text_color=&#8220;#FFFFFF&#8220; button_bg_color=&#8220;#364B9B&#8220; button_border_radius=&#8220;76px&#8220; button_letter_spacing=&#8220;0px&#8220; button_font=&#8220;&#8211;et_global_body_font|300|||||||&#8220; button_use_icon=&#8220;off&#8220; background_layout=&#8220;dark&#8220; custom_margin=&#8220;4px||4px||true|true&#8220; custom_padding=&#8220;||||true|true&#8220; global_colors_info=&#8220;{}&#8220;][\/et_pb_button][\/et_pb_column][\/et_pb_row][\/et_pb_section][et_pb_section fb_built=&#8220;1&#8243; _builder_version=&#8220;4.27.4&#8243; _module_preset=&#8220;default&#8220; use_background_color_gradient=&#8220;on&#8220; background_color_gradient_direction=&#8220;90deg&#8220; background_color_gradient_stops=&#8220;#de005b 0%|#364b9b 100%&#8220; module_alignment=&#8220;center&#8220; global_colors_info=&#8220;{}&#8220;][et_pb_row column_structure=&#8220;1_4,1_4,1_4,1_4&#8243; _builder_version=&#8220;4.27.4&#8243; _module_preset=&#8220;default&#8220; module_alignment=&#8220;center&#8220; global_colors_info=&#8220;{}&#8220;][et_pb_column type=&#8220;1_4&#8243; _builder_version=&#8220;4.27.4&#8243; _module_preset=&#8220;default&#8220; global_colors_info=&#8220;{}&#8220;][et_pb_number_counter title=&#8220;Mitglieder im Verein&#8220; number=&#8220;372&#8243; percent_sign=&#8220;off&#8220; _builder_version=&#8220;4.27.4&#8243; _module_preset=&#8220;default&#8220; title_font=&#8220;&#8211;et_global_body_font|300|||||||&#8220; title_text_color=&#8220;#FFFFFF&#8220; number_font=&#8220;|300|||||||&#8220; number_text_color=&#8220;#FFFFFF&#8220; number_font_size=&#8220;4em&#8220; global_colors_info=&#8220;{}&#8220;][\/et_pb_number_counter][\/et_pb_column][et_pb_column type=&#8220;1_4&#8243; _builder_version=&#8220;4.27.4&#8243; _module_preset=&#8220;default&#8220; global_colors_info=&#8220;{}&#8220;][et_pb_number_counter title=&#8220;Veranstaltungen j\u00e4hrlich&#8220; number=&#8220;45&#8243; percent_sign=&#8220;off&#8220; _builder_version=&#8220;4.27.4&#8243; _module_preset=&#8220;default&#8220; title_font=&#8220;&#8211;et_global_body_font|300|||||||&#8220; title_text_color=&#8220;#FFFFFF&#8220; number_font=&#8220;|300|||||||&#8220; number_text_color=&#8220;#FFFFFF&#8220; number_font_size=&#8220;4em&#8220; global_colors_info=&#8220;{}&#8220;][\/et_pb_number_counter][\/et_pb_column][et_pb_column type=&#8220;1_4&#8243; _builder_version=&#8220;4.27.4&#8243; _module_preset=&#8220;default&#8220; global_colors_info=&#8220;{}&#8220;][et_pb_number_counter title=&#8220;Jahre bestehend&#8220; number=&#8220;15&#8243; percent_sign=&#8220;off&#8220; _builder_version=&#8220;4.27.4&#8243; _module_preset=&#8220;default&#8220; title_font=&#8220;&#8211;et_global_body_font|300|||||||&#8220; title_text_color=&#8220;#FFFFFF&#8220; number_font=&#8220;|300|||||||&#8220; number_text_color=&#8220;#FFFFFF&#8220; number_font_size=&#8220;4em&#8220; locked=&#8220;off&#8220; global_colors_info=&#8220;{}&#8220;][\/et_pb_number_counter][\/et_pb_column][et_pb_column type=&#8220;1_4&#8243; _builder_version=&#8220;4.27.4&#8243; _module_preset=&#8220;default&#8220; global_colors_info=&#8220;{}&#8220;][et_pb_number_counter title=&#8220;F\u00f6rdermitglieder&#8220; number=&#8220;22&#8243; percent_sign=&#8220;off&#8220; _builder_version=&#8220;4.27.4&#8243; _module_preset=&#8220;default&#8220; title_font=&#8220;&#8211;et_global_body_font|300|||||||&#8220; title_text_color=&#8220;#FFFFFF&#8220; number_font=&#8220;|300|||||||&#8220; number_text_color=&#8220;#FFFFFF&#8220; number_font_size=&#8220;4em&#8220; locked=&#8220;off&#8220; global_colors_info=&#8220;{}&#8220;][\/et_pb_number_counter][\/et_pb_column][\/et_pb_row][\/et_pb_section][et_pb_section fb_built=&#8220;1&#8243; _builder_version=&#8220;4.27.4&#8243; _module_preset=&#8220;default&#8220; global_colors_info=&#8220;{}&#8220;][et_pb_row column_structure=&#8220;1_4,1_4,1_4,1_4&#8243; _builder_version=&#8220;4.27.4&#8243; _module_preset=&#8220;default&#8220; global_colors_info=&#8220;{}&#8220;][et_pb_column type=&#8220;1_4&#8243; _builder_version=&#8220;4.27.4&#8243; _module_preset=&#8220;default&#8220; global_colors_info=&#8220;{}&#8220;][\/et_pb_column][et_pb_column type=&#8220;1_4&#8243; _builder_version=&#8220;4.27.4&#8243; _module_preset=&#8220;default&#8220; global_colors_info=&#8220;{}&#8220;][\/et_pb_column][et_pb_column type=&#8220;1_4&#8243; _builder_version=&#8220;4.27.4&#8243; _module_preset=&#8220;default&#8220; global_colors_info=&#8220;{}&#8220;][\/et_pb_column][et_pb_column type=&#8220;1_4&#8243; _builder_version=&#8220;4.27.4&#8243; _module_preset=&#8220;default&#8220; global_colors_info=&#8220;{}&#8220;][\/et_pb_column][\/et_pb_row][\/et_pb_section]<\/p>\n","protected":false},"excerpt":{"rendered":"<p>Die unabh\u00e4ngige Interessenvertretung f\u00fcr Financial Experts in Aufsichtsgremien. Seit 2008 ist FEA die unabh\u00e4ngige Interessenvertretung f\u00fcr Financial Experts in Aufsichtsgremien. Wir unterst\u00fctzen unsere Mitglieder bei der fachlichen Wahrnehmung ihrer Aufgaben durch qualitativ hochwertige Fortbildungen und die individuelle F\u00f6rderung von Wissen durch Vernetzung und auch Mitarbeit in Arbeitsgruppen. \u00dcber die Arbeitsgruppen fungiert FEA als Impulsgeber f\u00fcr [&hellip;]<\/p>\n","protected":false},"author":1,"featured_media":0,"parent":0,"menu_order":0,"comment_status":"closed","ping_status":"open","template":"","meta":{"_et_pb_use_builder":"on","_et_pb_old_content":"","_et_gb_content_width":"","footnotes":""},"class_list":["post-17","page","type-page","status-publish","hentry"],"_links":{"self":[{"href":"https:\/\/fea.apparat.wien\/index.php?rest_route=\/wp\/v2\/pages\/17","targetHints":{"allow":["GET"]}}],"collection":[{"href":"https:\/\/fea.apparat.wien\/index.php?rest_route=\/wp\/v2\/pages"}],"about":[{"href":"https:\/\/fea.apparat.wien\/index.php?rest_route=\/wp\/v2\/types\/page"}],"author":[{"embeddable":true,"href":"https:\/\/fea.apparat.wien\/index.php?rest_route=\/wp\/v2\/users\/1"}],"replies":[{"embeddable":true,"href":"https:\/\/fea.apparat.wien\/index.php?rest_route=%2Fwp%2Fv2%2Fcomments&post=17"}],"version-history":[{"count":21,"href":"https:\/\/fea.apparat.wien\/index.php?rest_route=\/wp\/v2\/pages\/17\/revisions"}],"predecessor-version":[{"id":120,"href":"https:\/\/fea.apparat.wien\/index.php?rest_route=\/wp\/v2\/pages\/17\/revisions\/120"}],"wp:attachment":[{"href":"https:\/\/fea.apparat.wien\/index.php?rest_route=%2Fwp%2Fv2%2Fmedia&parent=17"}],"curies":[{"name":"wp","href":"https:\/\/api.w.org\/{rel}","templated":true}]}}